{"id":240,"date":"2025-10-15T08:11:09","date_gmt":"2025-10-15T11:11:09","guid":{"rendered":"https:\/\/mrsmassessoria.com.br\/?page_id=240"},"modified":"2025-10-17T21:05:29","modified_gmt":"2025-10-18T00:05:29","slug":"1o-shopping-de-tourinhos-girolando-da-fazenda-rosada","status":"publish","type":"page","link":"https:\/\/mrsmassessoria.com.br\/","title":{"rendered":"1\u00ba Shopping de Tourinhos Girolando da Fazenda Rosada"},"content":{"rendered":"\n<h6 class=\"wp-block-heading\"><strong>Esse shopping ficar\u00e1 dispon\u00edvel para negocia\u00e7\u00e3o at\u00e9 o dia 25\/10\/2025 (S\u00e1bado)<\/strong><\/h6>\n\n\n\n<p class=\"has-text-align-center has-background\" style=\"background-color:#d1abab\"><strong>Para mais detalhes, entre em contato pelo n\u00famero: (32) 98892-1990 (WhatsApp)<\/strong><\/p>\n\n\n\n<p>LOTE 1<\/p>\n\n\n\n<figure class=\"wp-block-image size-full\"><img loading=\"lazy\" decoding=\"async\" width=\"585\" height=\"176\" src=\"https:\/\/mrsmassessoria.com.br\/wp-content\/uploads\/2025\/10\/image-1.png\" alt=\"\" class=\"wp-image-251\" srcset=\"https:\/\/mrsmassessoria.com.br\/wp-content\/uploads\/2025\/10\/image-1.png 585w, https:\/\/mrsmassessoria.com.br\/wp-content\/uploads\/2025\/10\/image-1-300x90.png 300w\" sizes=\"auto, (max-width: 585px) 100vw, 585px\" \/><\/figure>\n\n\n\n<figure class=\"wp-block-image size-full\"><img loading=\"lazy\" decoding=\"async\" width=\"741\" height=\"180\" src=\"https:\/\/mrsmassessoria.com.br\/wp-content\/uploads\/2025\/10\/image-2.png\" alt=\"\" class=\"wp-image-252\" srcset=\"https:\/\/mrsmassessoria.com.br\/wp-content\/uploads\/2025\/10\/image-2.png 741w, https:\/\/mrsmassessoria.com.br\/wp-content\/uploads\/2025\/10\/image-2-300x73.png 300w\" sizes=\"auto, (max-width: 741px) 100vw, 741px\" \/><\/figure>\n\n\n\n<h4 class=\"wp-block-heading\"><strong>R$ 5.160<\/strong><\/h4>\n\n\n\n<figure class=\"wp-block-image size-full\"><img loading=\"lazy\" decoding=\"async\" width=\"509\" height=\"308\" src=\"https:\/\/mrsmassessoria.com.br\/wp-content\/uploads\/2025\/10\/image-15.png\" alt=\"\" class=\"wp-image-298\" srcset=\"https:\/\/mrsmassessoria.com.br\/wp-content\/uploads\/2025\/10\/image-15.png 509w, https:\/\/mrsmassessoria.com.br\/wp-content\/uploads\/2025\/10\/image-15-300x182.png 300w\" sizes=\"auto, (max-width: 509px) 100vw, 509px\" \/><\/figure>\n\n\n\n<p>Veja abaixo o v\u00eddeo desse tourinho<\/p>\n\n\n\n<figure class=\"wp-block-embed is-type-video is-provider-youtube wp-block-embed-youtube wp-embed-aspect-16-9 wp-has-aspect-ratio\"><div class=\"wp-block-embed__wrapper\">\n<iframe loading=\"lazy\" title=\"1\u00ba Shopping de Tourinhos Girolando - Fazenda Rosada\" width=\"800\" height=\"450\" src=\"https:\/\/www.youtube.com\/embed\/dLYJal-USbY?start=188&#038;feature=oembed\" frameborder=\"0\" allow=\"accelerometer; autoplay; clipboard-write; encrypted-media; gyroscope; picture-in-picture; web-share\" referrerpolicy=\"strict-origin-when-cross-origin\" allowfullscreen><\/iframe>\n<\/div><\/figure>\n\n\n\n<p>(32)<strong> 98892-1990 \/ PIX: 91o55103@gmail.com <\/strong>(Eliane do Santos)<\/p>\n\n\n\n<hr class=\"wp-block-separator has-alpha-channel-opacity\"\/>\n\n\n\n<p>LOTE 2<\/p>\n\n\n\n<figure class=\"wp-block-image size-full\"><img loading=\"lazy\" decoding=\"async\" width=\"574\" height=\"179\" src=\"https:\/\/mrsmassessoria.com.br\/wp-content\/uploads\/2025\/10\/image-3.png\" alt=\"\" class=\"wp-image-265\" srcset=\"https:\/\/mrsmassessoria.com.br\/wp-content\/uploads\/2025\/10\/image-3.png 574w, https:\/\/mrsmassessoria.com.br\/wp-content\/uploads\/2025\/10\/image-3-300x94.png 300w\" sizes=\"auto, (max-width: 574px) 100vw, 574px\" \/><\/figure>\n\n\n\n<figure class=\"wp-block-image size-full\"><img loading=\"lazy\" decoding=\"async\" width=\"739\" height=\"172\" src=\"https:\/\/mrsmassessoria.com.br\/wp-content\/uploads\/2025\/10\/image-4.png\" alt=\"\" class=\"wp-image-266\" srcset=\"https:\/\/mrsmassessoria.com.br\/wp-content\/uploads\/2025\/10\/image-4.png 739w, https:\/\/mrsmassessoria.com.br\/wp-content\/uploads\/2025\/10\/image-4-300x70.png 300w\" sizes=\"auto, (max-width: 739px) 100vw, 739px\" \/><\/figure>\n\n\n\n<h4 class=\"wp-block-heading\"><strong>R$ 4.422<\/strong><\/h4>\n\n\n\n<figure class=\"wp-block-image size-full\"><img loading=\"lazy\" decoding=\"async\" width=\"354\" height=\"197\" src=\"https:\/\/mrsmassessoria.com.br\/wp-content\/uploads\/2025\/10\/image-16.png\" alt=\"\" class=\"wp-image-300\" srcset=\"https:\/\/mrsmassessoria.com.br\/wp-content\/uploads\/2025\/10\/image-16.png 354w, https:\/\/mrsmassessoria.com.br\/wp-content\/uploads\/2025\/10\/image-16-300x167.png 300w\" sizes=\"auto, (max-width: 354px) 100vw, 354px\" \/><\/figure>\n\n\n\n<p>Veja abaixo o v\u00eddeo desse tourinho<\/p>\n\n\n\n<figure class=\"wp-block-embed is-type-video is-provider-youtube wp-block-embed-youtube wp-embed-aspect-16-9 wp-has-aspect-ratio\"><div class=\"wp-block-embed__wrapper\">\n<iframe loading=\"lazy\" title=\"1\u00ba Shopping de Tourinhos Girolando - Fazenda Rosada\" width=\"800\" height=\"450\" src=\"https:\/\/www.youtube.com\/embed\/dLYJal-USbY?start=593&#038;feature=oembed\" frameborder=\"0\" allow=\"accelerometer; autoplay; clipboard-write; encrypted-media; gyroscope; picture-in-picture; web-share\" referrerpolicy=\"strict-origin-when-cross-origin\" allowfullscreen><\/iframe>\n<\/div><\/figure>\n\n\n\n<p>(32)<strong> 98892-1990 \/ PIX: 91o55103@gmail.com <\/strong>(Eliane do Santos)<\/p>\n\n\n\n<hr class=\"wp-block-separator has-alpha-channel-opacity\"\/>\n\n\n\n<p>LOTE 3<\/p>\n\n\n\n<figure class=\"wp-block-image size-full\"><img loading=\"lazy\" decoding=\"async\" width=\"589\" height=\"181\" src=\"https:\/\/mrsmassessoria.com.br\/wp-content\/uploads\/2025\/10\/image-5.png\" alt=\"\" class=\"wp-image-272\" srcset=\"https:\/\/mrsmassessoria.com.br\/wp-content\/uploads\/2025\/10\/image-5.png 589w, https:\/\/mrsmassessoria.com.br\/wp-content\/uploads\/2025\/10\/image-5-300x92.png 300w\" sizes=\"auto, (max-width: 589px) 100vw, 589px\" \/><\/figure>\n\n\n\n<figure class=\"wp-block-image size-full\"><img loading=\"lazy\" decoding=\"async\" width=\"739\" height=\"182\" src=\"https:\/\/mrsmassessoria.com.br\/wp-content\/uploads\/2025\/10\/image-6.png\" alt=\"\" class=\"wp-image-273\" srcset=\"https:\/\/mrsmassessoria.com.br\/wp-content\/uploads\/2025\/10\/image-6.png 739w, https:\/\/mrsmassessoria.com.br\/wp-content\/uploads\/2025\/10\/image-6-300x74.png 300w\" sizes=\"auto, (max-width: 739px) 100vw, 739px\" \/><\/figure>\n\n\n\n<h4 class=\"wp-block-heading\"><strong>R$ 3.908<\/strong><\/h4>\n\n\n\n<figure class=\"wp-block-image size-full\"><img loading=\"lazy\" decoding=\"async\" width=\"459\" height=\"259\" src=\"https:\/\/mrsmassessoria.com.br\/wp-content\/uploads\/2025\/10\/image-18.png\" alt=\"\" class=\"wp-image-302\" srcset=\"https:\/\/mrsmassessoria.com.br\/wp-content\/uploads\/2025\/10\/image-18.png 459w, https:\/\/mrsmassessoria.com.br\/wp-content\/uploads\/2025\/10\/image-18-300x169.png 300w\" sizes=\"auto, (max-width: 459px) 100vw, 459px\" \/><\/figure>\n\n\n\n<p>Veja abaixo o v\u00eddeo desse tourinho<\/p>\n\n\n\n<figure class=\"wp-block-embed is-type-video is-provider-youtube wp-block-embed-youtube wp-embed-aspect-16-9 wp-has-aspect-ratio\"><div class=\"wp-block-embed__wrapper\">\n<iframe loading=\"lazy\" title=\"1\u00ba Shopping de Tourinhos Girolando - Fazenda Rosada\" width=\"800\" height=\"450\" src=\"https:\/\/www.youtube.com\/embed\/dLYJal-USbY?start=986&#038;feature=oembed\" frameborder=\"0\" allow=\"accelerometer; autoplay; clipboard-write; encrypted-media; gyroscope; picture-in-picture; web-share\" referrerpolicy=\"strict-origin-when-cross-origin\" allowfullscreen><\/iframe>\n<\/div><\/figure>\n\n\n\n<p>2)<strong> 98892-1990 \/ PIX: 91o55103@gmail.com <\/strong>(Eliane do Santos)<\/p>\n\n\n\n<hr class=\"wp-block-separator has-alpha-channel-opacity\"\/>\n\n\n\n<p>LOTE 4<\/p>\n\n\n\n<figure class=\"wp-block-image size-full\"><img loading=\"lazy\" decoding=\"async\" width=\"594\" height=\"169\" src=\"https:\/\/mrsmassessoria.com.br\/wp-content\/uploads\/2025\/10\/image-7.png\" alt=\"\" class=\"wp-image-278\" srcset=\"https:\/\/mrsmassessoria.com.br\/wp-content\/uploads\/2025\/10\/image-7.png 594w, https:\/\/mrsmassessoria.com.br\/wp-content\/uploads\/2025\/10\/image-7-300x85.png 300w\" sizes=\"auto, (max-width: 594px) 100vw, 594px\" \/><\/figure>\n\n\n\n<figure class=\"wp-block-image size-full\"><img loading=\"lazy\" decoding=\"async\" width=\"741\" height=\"177\" src=\"https:\/\/mrsmassessoria.com.br\/wp-content\/uploads\/2025\/10\/image-8.png\" alt=\"\" class=\"wp-image-279\" srcset=\"https:\/\/mrsmassessoria.com.br\/wp-content\/uploads\/2025\/10\/image-8.png 741w, https:\/\/mrsmassessoria.com.br\/wp-content\/uploads\/2025\/10\/image-8-300x72.png 300w\" sizes=\"auto, (max-width: 741px) 100vw, 741px\" \/><\/figure>\n\n\n\n<h4 class=\"wp-block-heading\"><strong>R$ 3.550<\/strong><\/h4>\n\n\n\n<figure class=\"wp-block-image size-full\"><img loading=\"lazy\" decoding=\"async\" width=\"341\" height=\"210\" src=\"https:\/\/mrsmassessoria.com.br\/wp-content\/uploads\/2025\/10\/image-17.png\" alt=\"\" class=\"wp-image-301\" srcset=\"https:\/\/mrsmassessoria.com.br\/wp-content\/uploads\/2025\/10\/image-17.png 341w, https:\/\/mrsmassessoria.com.br\/wp-content\/uploads\/2025\/10\/image-17-300x185.png 300w\" sizes=\"auto, (max-width: 341px) 100vw, 341px\" \/><\/figure>\n\n\n\n<p>Veja abaixo o v\u00eddeo desse tourinho<\/p>\n\n\n\n<figure class=\"wp-block-embed is-type-video is-provider-youtube wp-block-embed-youtube wp-embed-aspect-16-9 wp-has-aspect-ratio\"><div class=\"wp-block-embed__wrapper\">\n<iframe loading=\"lazy\" title=\"1\u00ba Shopping de Tourinhos Girolando - Fazenda Rosada\" width=\"800\" height=\"450\" src=\"https:\/\/www.youtube.com\/embed\/dLYJal-USbY?start=1326&#038;feature=oembed\" frameborder=\"0\" allow=\"accelerometer; autoplay; clipboard-write; encrypted-media; gyroscope; picture-in-picture; web-share\" referrerpolicy=\"strict-origin-when-cross-origin\" allowfullscreen><\/iframe>\n<\/div><\/figure>\n\n\n\n<p>2)<strong> 98892-1990 \/ PIX: 91o55103@gmail.com <\/strong>(Eliane do Santos)<\/p>\n\n\n\n<hr class=\"wp-block-separator has-alpha-channel-opacity\"\/>\n\n\n\n<p>LOTE 5<\/p>\n\n\n\n<figure class=\"wp-block-image size-full\"><img loading=\"lazy\" decoding=\"async\" width=\"596\" height=\"168\" src=\"https:\/\/mrsmassessoria.com.br\/wp-content\/uploads\/2025\/10\/image-10.png\" alt=\"\" class=\"wp-image-281\" srcset=\"https:\/\/mrsmassessoria.com.br\/wp-content\/uploads\/2025\/10\/image-10.png 596w, https:\/\/mrsmassessoria.com.br\/wp-content\/uploads\/2025\/10\/image-10-300x85.png 300w\" sizes=\"auto, (max-width: 596px) 100vw, 596px\" \/><\/figure>\n\n\n\n<figure class=\"wp-block-image size-full\"><img loading=\"lazy\" decoding=\"async\" width=\"744\" height=\"190\" src=\"https:\/\/mrsmassessoria.com.br\/wp-content\/uploads\/2025\/10\/image-11.png\" alt=\"\" class=\"wp-image-282\" srcset=\"https:\/\/mrsmassessoria.com.br\/wp-content\/uploads\/2025\/10\/image-11.png 744w, https:\/\/mrsmassessoria.com.br\/wp-content\/uploads\/2025\/10\/image-11-300x77.png 300w\" sizes=\"auto, (max-width: 744px) 100vw, 744px\" \/><\/figure>\n\n\n\n<h4 class=\"wp-block-heading\"><strong>R$ 3.840<\/strong><\/h4>\n\n\n\n<figure class=\"wp-block-image size-full\"><img loading=\"lazy\" decoding=\"async\" width=\"419\" height=\"282\" src=\"https:\/\/mrsmassessoria.com.br\/wp-content\/uploads\/2025\/10\/image-19.png\" alt=\"\" class=\"wp-image-303\" srcset=\"https:\/\/mrsmassessoria.com.br\/wp-content\/uploads\/2025\/10\/image-19.png 419w, https:\/\/mrsmassessoria.com.br\/wp-content\/uploads\/2025\/10\/image-19-300x202.png 300w\" sizes=\"auto, (max-width: 419px) 100vw, 419px\" \/><\/figure>\n\n\n\n<p>Veja abaixo o v\u00eddeo desse tourinho<\/p>\n\n\n\n<figure class=\"wp-block-embed is-type-video is-provider-youtube wp-block-embed-youtube wp-embed-aspect-16-9 wp-has-aspect-ratio\"><div class=\"wp-block-embed__wrapper\">\n<iframe loading=\"lazy\" title=\"1\u00ba Shopping de Tourinhos Girolando - Fazenda Rosada\" width=\"800\" height=\"450\" src=\"https:\/\/www.youtube.com\/embed\/dLYJal-USbY?start=1668&#038;feature=oembed\" frameborder=\"0\" allow=\"accelerometer; autoplay; clipboard-write; encrypted-media; gyroscope; picture-in-picture; web-share\" referrerpolicy=\"strict-origin-when-cross-origin\" allowfullscreen><\/iframe>\n<\/div><\/figure>\n\n\n\n<p>2)<strong> 98892-1990 \/ PIX: 91o55103@gmail.com <\/strong>(Eliane do Santos)<\/p>\n\n\n\n<hr class=\"wp-block-separator has-alpha-channel-opacity\"\/>\n\n\n\n<p>LOTE 6<\/p>\n\n\n\n<figure class=\"wp-block-image size-full\"><img loading=\"lazy\" decoding=\"async\" width=\"595\" height=\"174\" src=\"https:\/\/mrsmassessoria.com.br\/wp-content\/uploads\/2025\/10\/image-12.png\" alt=\"\" class=\"wp-image-283\" srcset=\"https:\/\/mrsmassessoria.com.br\/wp-content\/uploads\/2025\/10\/image-12.png 595w, https:\/\/mrsmassessoria.com.br\/wp-content\/uploads\/2025\/10\/image-12-300x88.png 300w\" sizes=\"auto, (max-width: 595px) 100vw, 595px\" \/><\/figure>\n\n\n\n<figure class=\"wp-block-image size-full\"><img loading=\"lazy\" decoding=\"async\" width=\"731\" height=\"178\" src=\"https:\/\/mrsmassessoria.com.br\/wp-content\/uploads\/2025\/10\/image-14.png\" alt=\"\" class=\"wp-image-295\" srcset=\"https:\/\/mrsmassessoria.com.br\/wp-content\/uploads\/2025\/10\/image-14.png 731w, https:\/\/mrsmassessoria.com.br\/wp-content\/uploads\/2025\/10\/image-14-300x73.png 300w\" sizes=\"auto, (max-width: 731px) 100vw, 731px\" \/><\/figure>\n\n\n\n<p><strong>R$ 3.750<\/strong><\/p>\n\n\n\n<figure class=\"wp-block-image size-full\"><img loading=\"lazy\" decoding=\"async\" width=\"528\" height=\"360\" src=\"https:\/\/mrsmassessoria.com.br\/wp-content\/uploads\/2025\/10\/image-20.png\" alt=\"\" class=\"wp-image-304\" srcset=\"https:\/\/mrsmassessoria.com.br\/wp-content\/uploads\/2025\/10\/image-20.png 528w, https:\/\/mrsmassessoria.com.br\/wp-content\/uploads\/2025\/10\/image-20-300x205.png 300w, https:\/\/mrsmassessoria.com.br\/wp-content\/uploads\/2025\/10\/image-20-130x90.png 130w\" sizes=\"auto, (max-width: 528px) 100vw, 528px\" \/><\/figure>\n\n\n\n<p>Veja abaixo o v\u00eddeo desse tourinho<\/p>\n\n\n\n<figure class=\"wp-block-embed is-type-video is-provider-youtube wp-block-embed-youtube wp-embed-aspect-16-9 wp-has-aspect-ratio\"><div class=\"wp-block-embed__wrapper\">\n<iframe loading=\"lazy\" title=\"1\u00ba Shopping de Tourinhos Girolando - Fazenda Rosada\" width=\"800\" height=\"450\" src=\"https:\/\/www.youtube.com\/embed\/dLYJal-USbY?start=2073&#038;feature=oembed\" frameborder=\"0\" allow=\"accelerometer; autoplay; clipboard-write; encrypted-media; gyroscope; picture-in-picture; web-share\" referrerpolicy=\"strict-origin-when-cross-origin\" allowfullscreen><\/iframe>\n<\/div><\/figure>\n","protected":false},"excerpt":{"rendered":"<p>Esse shopping ficar\u00e1 dispon\u00edvel para negocia\u00e7\u00e3o at\u00e9 o dia 25\/10\/2025 (S\u00e1bado) Para mais detalhes, entre em contato pelo n\u00famero: (32)<\/p>\n","protected":false},"author":1,"featured_media":0,"parent":0,"menu_order":0,"comment_status":"closed","ping_status":"closed","template":"","meta":{"footnotes":""},"class_list":["post-240","page","type-page","status-publish","hentry"],"yoast_head":"<!-- This site is optimized with the Yoast SEO plugin v23.3 - https:\/\/yoast.com\/wordpress\/plugins\/seo\/ -->\n<title>1\u00ba Shopping de Tourinhos Girolando da Fazenda Rosada - MRSM Assessoria<\/title>\n<meta name=\"robots\" content=\"index, follow, max-snippet:-1, max-image-preview:large, max-video-preview:-1\" \/>\n<link rel=\"canonical\" href=\"https:\/\/mrsmassessoria.com.br\/\" \/>\n<meta property=\"og:locale\" content=\"pt_BR\" \/>\n<meta property=\"og:type\" content=\"article\" \/>\n<meta property=\"og:title\" content=\"1\u00ba Shopping de Tourinhos Girolando da Fazenda Rosada - MRSM Assessoria\" \/>\n<meta property=\"og:description\" content=\"Esse shopping ficar\u00e1 dispon\u00edvel para negocia\u00e7\u00e3o at\u00e9 o dia 25\/10\/2025 (S\u00e1bado) Para mais detalhes, entre em contato pelo n\u00famero: (32)\" \/>\n<meta property=\"og:url\" content=\"https:\/\/mrsmassessoria.com.br\/\" \/>\n<meta property=\"og:site_name\" content=\"MRSM Assessoria\" \/>\n<meta property=\"article:modified_time\" content=\"2025-10-18T00:05:29+00:00\" \/>\n<meta property=\"og:image\" content=\"https:\/\/mrsmassessoria.com.br\/wp-content\/uploads\/2025\/10\/image-1.png\" \/>\n<meta name=\"twitter:card\" content=\"summary_large_image\" \/>\n<meta name=\"twitter:label1\" content=\"Est. tempo de leitura\" \/>\n\t<meta name=\"twitter:data1\" content=\"5 minutos\" \/>\n<script type=\"application\/ld+json\" class=\"yoast-schema-graph\">{\"@context\":\"https:\/\/schema.org\",\"@graph\":[{\"@type\":\"WebPage\",\"@id\":\"https:\/\/mrsmassessoria.com.br\/\",\"url\":\"https:\/\/mrsmassessoria.com.br\/\",\"name\":\"1\u00ba Shopping de Tourinhos Girolando da Fazenda Rosada - MRSM Assessoria\",\"isPartOf\":{\"@id\":\"https:\/\/mrsmassessoria.com.br\/#website\"},\"primaryImageOfPage\":{\"@id\":\"https:\/\/mrsmassessoria.com.br\/#primaryimage\"},\"image\":{\"@id\":\"https:\/\/mrsmassessoria.com.br\/#primaryimage\"},\"thumbnailUrl\":\"https:\/\/mrsmassessoria.com.br\/wp-content\/uploads\/2025\/10\/image-1.png\",\"datePublished\":\"2025-10-15T11:11:09+00:00\",\"dateModified\":\"2025-10-18T00:05:29+00:00\",\"breadcrumb\":{\"@id\":\"https:\/\/mrsmassessoria.com.br\/#breadcrumb\"},\"inLanguage\":\"pt-BR\",\"potentialAction\":[{\"@type\":\"ReadAction\",\"target\":[\"https:\/\/mrsmassessoria.com.br\/\"]}]},{\"@type\":\"ImageObject\",\"inLanguage\":\"pt-BR\",\"@id\":\"https:\/\/mrsmassessoria.com.br\/#primaryimage\",\"url\":\"https:\/\/mrsmassessoria.com.br\/wp-content\/uploads\/2025\/10\/image-1.png\",\"contentUrl\":\"https:\/\/mrsmassessoria.com.br\/wp-content\/uploads\/2025\/10\/image-1.png\",\"width\":585,\"height\":176},{\"@type\":\"BreadcrumbList\",\"@id\":\"https:\/\/mrsmassessoria.com.br\/#breadcrumb\",\"itemListElement\":[{\"@type\":\"ListItem\",\"position\":1,\"name\":\"In\u00edcio\",\"item\":\"https:\/\/mrsmassessoria.com.br\/\"},{\"@type\":\"ListItem\",\"position\":2,\"name\":\"1\u00ba Shopping de Tourinhos Girolando da Fazenda Rosada\"}]},{\"@type\":\"WebSite\",\"@id\":\"https:\/\/mrsmassessoria.com.br\/#website\",\"url\":\"https:\/\/mrsmassessoria.com.br\/\",\"name\":\"MRSM Assessoria\",\"description\":\"Shopping de Gados\",\"publisher\":{\"@id\":\"https:\/\/mrsmassessoria.com.br\/#organization\"},\"potentialAction\":[{\"@type\":\"SearchAction\",\"target\":{\"@type\":\"EntryPoint\",\"urlTemplate\":\"https:\/\/mrsmassessoria.com.br\/?s={search_term_string}\"},\"query-input\":\"required name=search_term_string\"}],\"inLanguage\":\"pt-BR\"},{\"@type\":\"Organization\",\"@id\":\"https:\/\/mrsmassessoria.com.br\/#organization\",\"name\":\"MRSM Assessoria Leil\u00f5es\",\"url\":\"https:\/\/mrsmassessoria.com.br\/\",\"logo\":{\"@type\":\"ImageObject\",\"inLanguage\":\"pt-BR\",\"@id\":\"https:\/\/mrsmassessoria.com.br\/#\/schema\/logo\/image\/\",\"url\":\"http:\/\/mrsmassessoria.com.br\/wp-content\/uploads\/2024\/08\/LOGO-MRSM-OK.png\",\"contentUrl\":\"http:\/\/mrsmassessoria.com.br\/wp-content\/uploads\/2024\/08\/LOGO-MRSM-OK.png\",\"width\":500,\"height\":500,\"caption\":\"MRSM Assessoria Leil\u00f5es\"},\"image\":{\"@id\":\"https:\/\/mrsmassessoria.com.br\/#\/schema\/logo\/image\/\"}}]}<\/script>\n<!-- \/ Yoast SEO plugin. -->","yoast_head_json":{"title":"1\u00ba Shopping de Tourinhos Girolando da Fazenda Rosada - MRSM Assessoria","robots":{"index":"index","follow":"follow","max-snippet":"max-snippet:-1","max-image-preview":"max-image-preview:large","max-video-preview":"max-video-preview:-1"},"canonical":"https:\/\/mrsmassessoria.com.br\/","og_locale":"pt_BR","og_type":"article","og_title":"1\u00ba Shopping de Tourinhos Girolando da Fazenda Rosada - MRSM Assessoria","og_description":"Esse shopping ficar\u00e1 dispon\u00edvel para negocia\u00e7\u00e3o at\u00e9 o dia 25\/10\/2025 (S\u00e1bado) Para mais detalhes, entre em contato pelo n\u00famero: (32)","og_url":"https:\/\/mrsmassessoria.com.br\/","og_site_name":"MRSM Assessoria","article_modified_time":"2025-10-18T00:05:29+00:00","og_image":[{"url":"https:\/\/mrsmassessoria.com.br\/wp-content\/uploads\/2025\/10\/image-1.png"}],"twitter_card":"summary_large_image","twitter_misc":{"Est. tempo de leitura":"5 minutos"},"schema":{"@context":"https:\/\/schema.org","@graph":[{"@type":"WebPage","@id":"https:\/\/mrsmassessoria.com.br\/","url":"https:\/\/mrsmassessoria.com.br\/","name":"1\u00ba Shopping de Tourinhos Girolando da Fazenda Rosada - MRSM Assessoria","isPartOf":{"@id":"https:\/\/mrsmassessoria.com.br\/#website"},"primaryImageOfPage":{"@id":"https:\/\/mrsmassessoria.com.br\/#primaryimage"},"image":{"@id":"https:\/\/mrsmassessoria.com.br\/#primaryimage"},"thumbnailUrl":"https:\/\/mrsmassessoria.com.br\/wp-content\/uploads\/2025\/10\/image-1.png","datePublished":"2025-10-15T11:11:09+00:00","dateModified":"2025-10-18T00:05:29+00:00","breadcrumb":{"@id":"https:\/\/mrsmassessoria.com.br\/#breadcrumb"},"inLanguage":"pt-BR","potentialAction":[{"@type":"ReadAction","target":["https:\/\/mrsmassessoria.com.br\/"]}]},{"@type":"ImageObject","inLanguage":"pt-BR","@id":"https:\/\/mrsmassessoria.com.br\/#primaryimage","url":"https:\/\/mrsmassessoria.com.br\/wp-content\/uploads\/2025\/10\/image-1.png","contentUrl":"https:\/\/mrsmassessoria.com.br\/wp-content\/uploads\/2025\/10\/image-1.png","width":585,"height":176},{"@type":"BreadcrumbList","@id":"https:\/\/mrsmassessoria.com.br\/#breadcrumb","itemListElement":[{"@type":"ListItem","position":1,"name":"In\u00edcio","item":"https:\/\/mrsmassessoria.com.br\/"},{"@type":"ListItem","position":2,"name":"1\u00ba Shopping de Tourinhos Girolando da Fazenda Rosada"}]},{"@type":"WebSite","@id":"https:\/\/mrsmassessoria.com.br\/#website","url":"https:\/\/mrsmassessoria.com.br\/","name":"MRSM Assessoria","description":"Shopping de Gados","publisher":{"@id":"https:\/\/mrsmassessoria.com.br\/#organization"},"potentialAction":[{"@type":"SearchAction","target":{"@type":"EntryPoint","urlTemplate":"https:\/\/mrsmassessoria.com.br\/?s={search_term_string}"},"query-input":"required name=search_term_string"}],"inLanguage":"pt-BR"},{"@type":"Organization","@id":"https:\/\/mrsmassessoria.com.br\/#organization","name":"MRSM Assessoria Leil\u00f5es","url":"https:\/\/mrsmassessoria.com.br\/","logo":{"@type":"ImageObject","inLanguage":"pt-BR","@id":"https:\/\/mrsmassessoria.com.br\/#\/schema\/logo\/image\/","url":"http:\/\/mrsmassessoria.com.br\/wp-content\/uploads\/2024\/08\/LOGO-MRSM-OK.png","contentUrl":"http:\/\/mrsmassessoria.com.br\/wp-content\/uploads\/2024\/08\/LOGO-MRSM-OK.png","width":500,"height":500,"caption":"MRSM Assessoria Leil\u00f5es"},"image":{"@id":"https:\/\/mrsmassessoria.com.br\/#\/schema\/logo\/image\/"}}]}},"_links":{"self":[{"href":"https:\/\/mrsmassessoria.com.br\/index.php\/wp-json\/wp\/v2\/pages\/240","targetHints":{"allow":["GET"]}}],"collection":[{"href":"https:\/\/mrsmassessoria.com.br\/index.php\/wp-json\/wp\/v2\/pages"}],"about":[{"href":"https:\/\/mrsmassessoria.com.br\/index.php\/wp-json\/wp\/v2\/types\/page"}],"author":[{"embeddable":true,"href":"https:\/\/mrsmassessoria.com.br\/index.php\/wp-json\/wp\/v2\/users\/1"}],"replies":[{"embeddable":true,"href":"https:\/\/mrsmassessoria.com.br\/index.php\/wp-json\/wp\/v2\/comments?post=240"}],"version-history":[{"count":31,"href":"https:\/\/mrsmassessoria.com.br\/index.php\/wp-json\/wp\/v2\/pages\/240\/revisions"}],"predecessor-version":[{"id":310,"href":"https:\/\/mrsmassessoria.com.br\/index.php\/wp-json\/wp\/v2\/pages\/240\/revisions\/310"}],"wp:attachment":[{"href":"https:\/\/mrsmassessoria.com.br\/index.php\/wp-json\/wp\/v2\/media?parent=240"}],"curies":[{"name":"wp","href":"https:\/\/api.w.org\/{rel}","templated":true}]}}